{"id":5551,"date":"2025-09-26T13:13:27","date_gmt":"2025-09-26T13:13:27","guid":{"rendered":"https:\/\/rockefellerambiental.com.br\/?page_id=5551"},"modified":"2026-01-27T18:46:40","modified_gmt":"2026-01-27T18:46:40","slug":"limpeza-urbana-e-manutencao","status":"publish","type":"page","link":"https:\/\/rockefellerambiental.com.br\/en\/limpeza-urbana-e-manutencao\/","title":{"rendered":"Urban Cleaning and Maintenance"},"content":{"rendered":"<div class=\"wp-block-uagb-container uagb-block-cef93154 alignfull uagb-is-root-container\"><div class=\"uagb-container-inner-blocks-wrap\">\n<div class=\"wp-block-uagb-advanced-heading uagb-block-ee43a231\"><h1 class=\"uagb-heading-text\">Urban Cleaning and Maintenance<\/h1><\/div>\n<\/div><\/div>\n\n\n\n<div class=\"wp-block-uagb-container uagb-block-374f37d7 alignfull uagb-is-root-container\"><div class=\"uagb-container-inner-blocks-wrap\">\n<div class=\"wp-block-uagb-container uagb-block-2654e5d4\">\n<p style=\"font-size:24px;line-height:1.7\">A limpeza e conserva\u00e7\u00e3o das cidades s\u00e3o fundamentais para garantir ambientes mais <strong>saud\u00e1veis<\/strong> and <strong>organizados<\/strong>, evitando ac\u00famulo de res\u00edduos e melhorando a qualidade de vida dos moradores.<\/p>\n\n\n\n<div class=\"wp-block-uagb-info-box uagb-block-5aa88608 uagb-infobox__content-wrap  uagb-infobox-icon-left uagb-infobox-left uagb-infobox-stacked-tablet uagb-infobox-image-valign-middle\"><div class=\"uagb-ifb-image-content\"><img loading=\"lazy\" decoding=\"async\" src=\"https:\/\/rockefellerambiental.com.br\/wp-content\/uploads\/2025\/10\/1504x1004-scaled.jpg\" alt=\"\" width=\"440\" height=\"293\"\/><\/div><div class=\"uagb-ifb-content\"><div class=\"uagb-ifb-title-wrap\"><h2 class=\"uagb-ifb-title\"><strong>Varri\u00e7\u00e3o Manual e Mecanizada<\/strong><\/h2><\/div><p class=\"uagb-ifb-desc\">Servi\u00e7os eficientes de varri\u00e7\u00e3o em vias p\u00fablicas, pra\u00e7as e \u00e1reas de grande circula\u00e7\u00e3o, utilizando equipamentos modernos para otimizar a limpeza.<\/p><\/div><\/div>\n\n\n\n<div class=\"wp-block-uagb-separator uagb-block-8f6ac22d\"><div class=\"wp-block-uagb-separator__inner\" style=\"--my-background-image:url(&quot;data:image\/svg+xml,%3Csvg width='16' height='16' viewBox='0 0 16 16' fill='none' xmlns='http:\/\/www.w3.org\/2000\/svg'%3E%3Cg clip-path='url(%23clip0_2356_5631)'%3E%3Cpath d='M15 1C10.5 1 9 2.5 9 7C13.5 7 15 5.5 15 1Z' stroke='black'\/%3E%3Cpath d='M1 1C5.5 1 7 2.5 7 7C2.5 7 1 5.5 1 1Z' stroke='black'\/%3E%3Cpath d='M15 15C10.5 15 9 13.5 9 9C13.5 9 15 10.5 15 15Z' stroke='black'\/%3E%3Cpath d='M1 15C5.5 15 7 13.5 7 9C2.5 9 1 10.5 1 15Z' stroke='black'\/%3E%3C\/g%3E%3Cdefs%3E%3CclipPath id='clip0_2356_5631'%3E%3Crect width='16' height='16' fill='white'\/%3E%3C\/clipPath%3E%3C\/defs%3E%3C\/svg%3E&quot;)\"><\/div><\/div>\n\n\n\n<div class=\"wp-block-uagb-info-box uagb-block-3912edbc uagb-infobox__content-wrap  uagb-infobox-icon-left uagb-infobox-left uagb-infobox-stacked-tablet uagb-infobox-image-valign-middle\"><div class=\"uagb-ifb-image-content\"><img loading=\"lazy\" decoding=\"async\" src=\"https:\/\/rockefellerambiental.com.br\/wp-content\/uploads\/2025\/10\/numero-145.jpg\" alt=\"\" width=\"440\" height=\"293\"\/><\/div><div class=\"uagb-ifb-content\"><div class=\"uagb-ifb-title-wrap\"><h2 class=\"uagb-ifb-title\"><strong>Coleta e Transporte de Res\u00edduos<\/strong><\/h2><\/div><p class=\"uagb-ifb-desc\">Remo\u00e7\u00e3o de res\u00edduos s\u00f3lidos urbanos, garantindo descarte adequado e sustent\u00e1vel conforme as normas ambientais.<\/p><\/div><\/div>\n\n\n\n<div class=\"wp-block-uagb-separator uagb-block-d8f3c1e3\"><div class=\"wp-block-uagb-separator__inner\" style=\"--my-background-image:url(&quot;data:image\/svg+xml,%3Csvg width='16' height='16' viewBox='0 0 16 16' fill='none' xmlns='http:\/\/www.w3.org\/2000\/svg'%3E%3Cg clip-path='url(%23clip0_2356_5631)'%3E%3Cpath d='M15 1C10.5 1 9 2.5 9 7C13.5 7 15 5.5 15 1Z' stroke='black'\/%3E%3Cpath d='M1 1C5.5 1 7 2.5 7 7C2.5 7 1 5.5 1 1Z' stroke='black'\/%3E%3Cpath d='M15 15C10.5 15 9 13.5 9 9C13.5 9 15 10.5 15 15Z' stroke='black'\/%3E%3Cpath d='M1 15C5.5 15 7 13.5 7 9C2.5 9 1 10.5 1 15Z' stroke='black'\/%3E%3C\/g%3E%3Cdefs%3E%3CclipPath id='clip0_2356_5631'%3E%3Crect width='16' height='16' fill='white'\/%3E%3C\/clipPath%3E%3C\/defs%3E%3C\/svg%3E&quot;)\"><\/div><\/div>\n\n\n\n<div class=\"wp-block-uagb-info-box uagb-block-9f54742f uagb-infobox__content-wrap  uagb-infobox-icon-left uagb-infobox-left uagb-infobox-stacked-tablet uagb-infobox-image-valign-middle\"><div class=\"uagb-ifb-image-content\"><img loading=\"lazy\" decoding=\"async\" src=\"https:\/\/rockefellerambiental.com.br\/wp-content\/uploads\/2025\/10\/Numero-244.jpg\" alt=\"\" width=\"440\" height=\"293\"\/><\/div><div class=\"uagb-ifb-content\"><div class=\"uagb-ifb-title-wrap\"><h2 class=\"uagb-ifb-title\"><strong>Manuten\u00e7\u00e3o de \u00c1reas P\u00fablicas<\/strong><\/h2><\/div><p class=\"uagb-ifb-desc\">Limpeza e conserva\u00e7\u00e3o de espa\u00e7os p\u00fablicos, como cal\u00e7adas, pra\u00e7as e avenidas, promovendo um ambiente mais agrad\u00e1vel e bem cuidado.<\/p><\/div><\/div>\n\n\n\n<div class=\"wp-block-uagb-separator uagb-block-75855fe5\"><div class=\"wp-block-uagb-separator__inner\" style=\"--my-background-image:url(&quot;data:image\/svg+xml,%3Csvg width='16' height='16' viewBox='0 0 16 16' fill='none' xmlns='http:\/\/www.w3.org\/2000\/svg'%3E%3Cg clip-path='url(%23clip0_2356_5631)'%3E%3Cpath d='M15 1C10.5 1 9 2.5 9 7C13.5 7 15 5.5 15 1Z' stroke='black'\/%3E%3Cpath d='M1 1C5.5 1 7 2.5 7 7C2.5 7 1 5.5 1 1Z' stroke='black'\/%3E%3Cpath d='M15 15C10.5 15 9 13.5 9 9C13.5 9 15 10.5 15 15Z' stroke='black'\/%3E%3Cpath d='M1 15C5.5 15 7 13.5 7 9C2.5 9 1 10.5 1 15Z' stroke='black'\/%3E%3C\/g%3E%3Cdefs%3E%3CclipPath id='clip0_2356_5631'%3E%3Crect width='16' height='16' fill='white'\/%3E%3C\/clipPath%3E%3C\/defs%3E%3C\/svg%3E&quot;)\"><\/div><\/div>\n\n\n\n<div class=\"wp-block-uagb-info-box uagb-block-1a8e85a2 uagb-infobox__content-wrap  uagb-infobox-icon-left uagb-infobox-left uagb-infobox-stacked-tablet uagb-infobox-image-valign-middle\"><div class=\"uagb-ifb-image-content\"><img loading=\"lazy\" decoding=\"async\" src=\"https:\/\/rockefellerambiental.com.br\/wp-content\/uploads\/2025\/10\/numero-150.jpg\" alt=\"\" width=\"440\" height=\"293\"\/><\/div><div class=\"uagb-ifb-content\"><div class=\"uagb-ifb-title-wrap\"><h2 class=\"uagb-ifb-title\"><strong>Gest\u00e3o de Res\u00edduos e Sustentabilidade<\/strong><\/h2><\/div><p class=\"uagb-ifb-desc\">Aplica\u00e7\u00e3o de pr\u00e1ticas ambientais para reduzir impactos, incluindo reciclagem e reaproveitamento de materiais sempre que poss\u00edvel.<\/p><\/div><\/div>\n\n\n\n<div class=\"wp-block-uagb-separator uagb-block-611984ac\"><div class=\"wp-block-uagb-separator__inner\" style=\"--my-background-image:url(&quot;data:image\/svg+xml,%3Csvg width='16' height='16' viewBox='0 0 16 16' fill='none' xmlns='http:\/\/www.w3.org\/2000\/svg'%3E%3Cg clip-path='url(%23clip0_2356_5631)'%3E%3Cpath d='M15 1C10.5 1 9 2.5 9 7C13.5 7 15 5.5 15 1Z' stroke='black'\/%3E%3Cpath d='M1 1C5.5 1 7 2.5 7 7C2.5 7 1 5.5 1 1Z' stroke='black'\/%3E%3Cpath d='M15 15C10.5 15 9 13.5 9 9C13.5 9 15 10.5 15 15Z' stroke='black'\/%3E%3Cpath d='M1 15C5.5 15 7 13.5 7 9C2.5 9 1 10.5 1 15Z' stroke='black'\/%3E%3C\/g%3E%3Cdefs%3E%3CclipPath id='clip0_2356_5631'%3E%3Crect width='16' height='16' fill='white'\/%3E%3C\/clipPath%3E%3C\/defs%3E%3C\/svg%3E&quot;)\"><\/div><\/div>\n\n\n\n<div class=\"wp-block-uagb-info-box uagb-block-f6806799 uagb-infobox__content-wrap  uagb-infobox-icon-left uagb-infobox-left uagb-infobox-stacked-tablet uagb-infobox-image-valign-middle\"><div class=\"uagb-ifb-image-content\"><img loading=\"lazy\" decoding=\"async\" src=\"https:\/\/rockefellerambiental.com.br\/wp-content\/uploads\/2026\/01\/dimensB5es_site_fito.png\" alt=\"\" width=\"440\" height=\"337\"\/><\/div><div class=\"uagb-ifb-content\"><div class=\"uagb-ifb-title-wrap\"><h2 class=\"uagb-ifb-title\"><strong>Servi\u00e7o Fitossanit\u00e1rio<\/strong><\/h2><\/div><p class=\"uagb-ifb-desc\">Realizamos servi\u00e7os fitossanit\u00e1rios em \u00e1reas p\u00fablicas, voltados ao controle de pragas e doen\u00e7as, garantindo a preserva\u00e7\u00e3o da regi\u00e3o e seguran\u00e7a para a popula\u00e7\u00e3o.<\/p><\/div><\/div>\n<\/div>\n<\/div><\/div>\n\n\n\n<h6 class=\"wp-block-heading has-text-align-center has-ast-global-color-0-color has-text-color has-link-color wp-elements-357048ac2eef0492a8ec7b832b740b01\"><a href=\"https:\/\/rockefellerambiental.com.br\/en\/servicos\/\">See all &gt;<\/a><\/h6>\n\n\n\n<div style=\"height:80px\" aria-hidden=\"true\" class=\"wp-block-spacer\"><\/div>\n\n\n\n<p><\/p>","protected":false},"excerpt":{"rendered":"<p>Limpeza Urbana e Manuten\u00e7\u00e3o A limpeza e conserva\u00e7\u00e3o das cidades s\u00e3o fundamentais para garantir ambientes mais saud\u00e1veis e organizados, evitando ac\u00famulo de res\u00edduos e melhorando a qualidade de vida dos moradores. Ver todos &gt;<\/p>","protected":false},"author":4,"featured_media":0,"parent":0,"menu_order":0,"comment_status":"closed","ping_status":"closed","template":"","meta":{"_uag_custom_page_level_css":"","site-sidebar-layout":"no-sidebar","site-content-layout":"plain-container","ast-site-content-layout":"normal-width-container","site-content-style":"unboxed","site-sidebar-style":"unboxed","ast-global-header-display":"","ast-banner-title-visibility":"","ast-main-header-display":"","ast-hfb-above-header-display":"","ast-hfb-below-header-display":"","ast-hfb-mobile-header-display":"","site-post-title":"disabled","ast-breadcrumbs-content":"","ast-featured-img":"disabled","footer-sml-layout":"","theme-transparent-header-meta":"enabled","adv-header-id-meta":"","stick-header-meta":"","header-above-stick-meta":"","header-main-stick-meta":"","header-below-stick-meta":"","astra-migrate-meta-layouts":"set","ast-page-background-enabled":"default","ast-page-background-meta":{"desktop":{"background-color":"var(--ast-global-color-4)","background-image":"","background-repeat":"repeat","background-position":"center center","background-size":"auto","background-attachment":"scroll","background-type":"","background-media":"","overlay-type":"","overlay-color":"","overlay-opacity":"","overlay-gradient":""},"tablet":{"background-color":"","background-image":"","background-repeat":"repeat","background-position":"center center","background-size":"auto","background-attachment":"scroll","background-type":"","background-media":"","overlay-type":"","overlay-color":"","overlay-opacity":"","overlay-gradient":""},"mobile":{"background-color":"","background-image":"","background-repeat":"repeat","background-position":"center center","background-size":"auto","background-attachment":"scroll","background-type":"","background-media":"","overlay-type":"","overlay-color":"","overlay-opacity":"","overlay-gradient":""}},"ast-content-background-meta":{"desktop":{"background-color":"var(--ast-global-color-5)","background-image":"","background-repeat":"repeat","background-position":"center center","background-size":"auto","background-attachment":"scroll","background-type":"","background-media":"","overlay-type":"","overlay-color":"","overlay-opacity":"","overlay-gradient":""},"tablet":{"background-color":"var(--ast-global-color-5)","background-image":"","background-repeat":"repeat","background-position":"center center","background-size":"auto","background-attachment":"scroll","background-type":"","background-media":"","overlay-type":"","overlay-color":"","overlay-opacity":"","overlay-gradient":""},"mobile":{"background-color":"var(--ast-global-color-5)","background-image":"","background-repeat":"repeat","background-position":"center center","background-size":"auto","background-attachment":"scroll","background-type":"","background-media":"","overlay-type":"","overlay-color":"","overlay-opacity":"","overlay-gradient":""}},"footnotes":""},"class_list":["post-5551","page","type-page","status-publish","hentry"],"uagb_featured_image_src":{"full":false,"thumbnail":false,"medium":false,"medium_large":false,"large":false,"1536x1536":false,"2048x2048":false,"trp-custom-language-flag":false,"ultp_layout_landscape_large":false,"ultp_layout_landscape":false,"ultp_layout_portrait":false,"ultp_layout_square":false},"uagb_author_info":{"display_name":"Erich Miyamura","author_link":"https:\/\/rockefellerambiental.com.br\/en\/author\/ti-rockefeller\/"},"uagb_comment_info":0,"uagb_excerpt":"Limpeza Urbana e Manuten\u00e7\u00e3o A limpeza e conserva\u00e7\u00e3o das cidades s\u00e3o fundamentais para garantir ambientes mais saud\u00e1veis e organizados, evitando ac\u00famulo de res\u00edduos e melhorando a qualidade de vida dos moradores. Ver todos &gt;","_links":{"self":[{"href":"https:\/\/rockefellerambiental.com.br\/en\/wp-json\/wp\/v2\/pages\/5551","targetHints":{"allow":["GET"]}}],"collection":[{"href":"https:\/\/rockefellerambiental.com.br\/en\/wp-json\/wp\/v2\/pages"}],"about":[{"href":"https:\/\/rockefellerambiental.com.br\/en\/wp-json\/wp\/v2\/types\/page"}],"author":[{"embeddable":true,"href":"https:\/\/rockefellerambiental.com.br\/en\/wp-json\/wp\/v2\/users\/4"}],"replies":[{"embeddable":true,"href":"https:\/\/rockefellerambiental.com.br\/en\/wp-json\/wp\/v2\/comments?post=5551"}],"version-history":[{"count":38,"href":"https:\/\/rockefellerambiental.com.br\/en\/wp-json\/wp\/v2\/pages\/5551\/revisions"}],"predecessor-version":[{"id":6132,"href":"https:\/\/rockefellerambiental.com.br\/en\/wp-json\/wp\/v2\/pages\/5551\/revisions\/6132"}],"wp:attachment":[{"href":"https:\/\/rockefellerambiental.com.br\/en\/wp-json\/wp\/v2\/media?parent=5551"}],"curies":[{"name":"wp","href":"https:\/\/api.w.org\/{rel}","templated":true}]}}