{"id":5540,"date":"2025-09-26T12:54:21","date_gmt":"2025-09-26T12:54:21","guid":{"rendered":"https:\/\/rockefellerambiental.com.br\/?page_id=5540"},"modified":"2025-10-24T12:11:55","modified_gmt":"2025-10-24T12:11:55","slug":"pavimentacao-asfaltica-e-reparacao-de-estradas","status":"publish","type":"page","link":"https:\/\/rockefellerambiental.com.br\/en\/pavimentacao-asfaltica-e-reparacao-de-estradas\/","title":{"rendered":"Asphalt Paving and Road Repairs"},"content":{"rendered":"<div class=\"wp-block-uagb-container uagb-block-cef93154 alignfull uagb-is-root-container\"><div class=\"uagb-container-inner-blocks-wrap\">\n<div class=\"wp-block-uagb-advanced-heading uagb-block-ee43a231\"><h1 class=\"uagb-heading-text\">Asphalt Paving and Road Repairs<\/h1><\/div>\n<\/div><\/div>\n\n\n\n<div style=\"height:85px\" aria-hidden=\"true\" class=\"wp-block-spacer\"><\/div>\n\n\n\n<div class=\"wp-block-uagb-container uagb-block-2bb01bef alignfull uagb-is-root-container\"><div class=\"uagb-container-inner-blocks-wrap\">\n<div class=\"wp-block-uagb-container uagb-block-7f5f8b71\">\n<p style=\"font-size:24px;line-height:1.7\">Nosso trabalho na pavimenta\u00e7\u00e3o e manuten\u00e7\u00e3o vi\u00e1ria contribui diretamente para a melhoria da infraestrutura urbana e rural, proporcionando vias mais seguras e dur\u00e1veis.<\/p>\n\n\n\n<div class=\"wp-block-uagb-info-box uagb-block-d3e48b91 uagb-infobox__content-wrap  uagb-infobox-icon-left uagb-infobox-left uagb-infobox-stacked-tablet uagb-infobox-image-valign-middle\"><div class=\"uagb-ifb-image-content\"><img loading=\"lazy\" decoding=\"async\" src=\"https:\/\/rockefellerambiental.com.br\/wp-content\/uploads\/2025\/10\/vias_urbanas.jpg\" alt=\"\" width=\"440\" height=\"293\"\/><\/div><div class=\"uagb-ifb-content\"><div class=\"uagb-ifb-title-wrap\"><h2 class=\"uagb-ifb-title\"><strong>Pavimenta\u00e7\u00e3o de Vias Urbanas<\/strong><\/h2><\/div><p class=\"uagb-ifb-desc\">Pavimenta\u00e7\u00e3o asf\u00e1ltica, desde a prepara\u00e7\u00e3o do solo at\u00e9 a aplica\u00e7\u00e3o da camada asf\u00e1ltica, garantindo alta resist\u00eancia e durabilidade.<\/p><\/div><\/div>\n\n\n\n<div class=\"wp-block-uagb-separator uagb-block-771e359e\"><div class=\"wp-block-uagb-separator__inner\" style=\"--my-background-image:url(&quot;data:image\/svg+xml,%3Csvg width='16' height='16' viewBox='0 0 16 16' fill='none' xmlns='http:\/\/www.w3.org\/2000\/svg'%3E%3Cg clip-path='url(%23clip0_2356_5631)'%3E%3Cpath d='M15 1C10.5 1 9 2.5 9 7C13.5 7 15 5.5 15 1Z' stroke='black'\/%3E%3Cpath d='M1 1C5.5 1 7 2.5 7 7C2.5 7 1 5.5 1 1Z' stroke='black'\/%3E%3Cpath d='M15 15C10.5 15 9 13.5 9 9C13.5 9 15 10.5 15 15Z' stroke='black'\/%3E%3Cpath d='M1 15C5.5 15 7 13.5 7 9C2.5 9 1 10.5 1 15Z' stroke='black'\/%3E%3C\/g%3E%3Cdefs%3E%3CclipPath id='clip0_2356_5631'%3E%3Crect width='16' height='16' fill='white'\/%3E%3C\/clipPath%3E%3C\/defs%3E%3C\/svg%3E&quot;)\"><\/div><\/div>\n\n\n\n<div class=\"wp-block-uagb-info-box uagb-block-7c9af033 uagb-infobox__content-wrap  uagb-infobox-icon-left uagb-infobox-left uagb-infobox-stacked-tablet uagb-infobox-image-valign-middle\"><div class=\"uagb-ifb-image-content\"><img loading=\"lazy\" decoding=\"async\" src=\"https:\/\/rockefellerambiental.com.br\/wp-content\/uploads\/2025\/10\/VICINAL-2-scaled.jpg\" alt=\"\" width=\"440\" height=\"293\"\/><\/div><div class=\"uagb-ifb-content\"><div class=\"uagb-ifb-title-wrap\"><h2 class=\"uagb-ifb-title\"><strong><strong>Execu\u00e7\u00e3o de Estradas Vicinais<\/strong><\/strong><\/h2><\/div><p class=\"uagb-ifb-desc\">Constru\u00e7\u00e3o e manuten\u00e7\u00e3o de estradas em \u00e1reas rurais, essenciais para facilitar o transporte e a mobilidade de comunidades afastadas.<\/p><\/div><\/div>\n\n\n\n<div class=\"wp-block-uagb-separator uagb-block-3aa3e854\"><div class=\"wp-block-uagb-separator__inner\" style=\"--my-background-image:url(&quot;data:image\/svg+xml,%3Csvg width='16' height='16' viewBox='0 0 16 16' fill='none' xmlns='http:\/\/www.w3.org\/2000\/svg'%3E%3Cg clip-path='url(%23clip0_2356_5631)'%3E%3Cpath d='M15 1C10.5 1 9 2.5 9 7C13.5 7 15 5.5 15 1Z' stroke='black'\/%3E%3Cpath d='M1 1C5.5 1 7 2.5 7 7C2.5 7 1 5.5 1 1Z' stroke='black'\/%3E%3Cpath d='M15 15C10.5 15 9 13.5 9 9C13.5 9 15 10.5 15 15Z' stroke='black'\/%3E%3Cpath d='M1 15C5.5 15 7 13.5 7 9C2.5 9 1 10.5 1 15Z' stroke='black'\/%3E%3C\/g%3E%3Cdefs%3E%3CclipPath id='clip0_2356_5631'%3E%3Crect width='16' height='16' fill='white'\/%3E%3C\/clipPath%3E%3C\/defs%3E%3C\/svg%3E&quot;)\"><\/div><\/div>\n\n\n\n<div class=\"wp-block-uagb-info-box uagb-block-f5158cc6 uagb-infobox__content-wrap  uagb-infobox-icon-left uagb-infobox-left uagb-infobox-stacked-tablet uagb-infobox-image-valign-middle\"><div class=\"uagb-ifb-image-content\"><img loading=\"lazy\" decoding=\"async\" src=\"https:\/\/rockefellerambiental.com.br\/wp-content\/uploads\/2025\/10\/recuperacao_viaria.jpg\" alt=\"\" width=\"440\" height=\"293\"\/><\/div><div class=\"uagb-ifb-content\"><div class=\"uagb-ifb-title-wrap\"><h2 class=\"uagb-ifb-title\"><strong><strong><strong>Repara\u00e7\u00e3o e Recupera\u00e7\u00e3o Vi\u00e1ria<\/strong><\/strong><\/strong><\/h2><\/div><p class=\"uagb-ifb-desc\">Manuten\u00e7\u00e3o corretiva e preventiva, incluindo tapa-buracos, recapeamento e refor\u00e7o estrutural para prolongar a vida \u00fatil das vias.<\/p><\/div><\/div>\n\n\n\n<div class=\"wp-block-uagb-separator uagb-block-b3091bf2\"><div class=\"wp-block-uagb-separator__inner\" style=\"--my-background-image:url(&quot;data:image\/svg+xml,%3Csvg width='16' height='16' viewBox='0 0 16 16' fill='none' xmlns='http:\/\/www.w3.org\/2000\/svg'%3E%3Cg clip-path='url(%23clip0_2356_5631)'%3E%3Cpath d='M15 1C10.5 1 9 2.5 9 7C13.5 7 15 5.5 15 1Z' stroke='black'\/%3E%3Cpath d='M1 1C5.5 1 7 2.5 7 7C2.5 7 1 5.5 1 1Z' stroke='black'\/%3E%3Cpath d='M15 15C10.5 15 9 13.5 9 9C13.5 9 15 10.5 15 15Z' stroke='black'\/%3E%3Cpath d='M1 15C5.5 15 7 13.5 7 9C2.5 9 1 10.5 1 15Z' stroke='black'\/%3E%3C\/g%3E%3Cdefs%3E%3CclipPath id='clip0_2356_5631'%3E%3Crect width='16' height='16' fill='white'\/%3E%3C\/clipPath%3E%3C\/defs%3E%3C\/svg%3E&quot;)\"><\/div><\/div>\n\n\n\n<div class=\"wp-block-uagb-info-box uagb-block-267bc11c uagb-infobox__content-wrap  uagb-infobox-icon-left uagb-infobox-left uagb-infobox-stacked-tablet uagb-infobox-image-valign-middle\"><div class=\"uagb-ifb-image-content\"><img loading=\"lazy\" decoding=\"async\" src=\"https:\/\/rockefellerambiental.com.br\/wp-content\/uploads\/2025\/10\/drenagem-scaled.jpg\" alt=\"\" width=\"440\" height=\"293\"\/><\/div><div class=\"uagb-ifb-content\"><div class=\"uagb-ifb-title-wrap\"><h2 class=\"uagb-ifb-title\"><strong><strong><strong><strong>Drenagem Urbana<\/strong><\/strong><\/strong><\/strong><\/h2><\/div><p class=\"uagb-ifb-desc\">Implementa\u00e7\u00e3o de sistemas de drenagem para evitar ac\u00famulo de \u00e1gua e eros\u00e3o, preservando a qualidade do pavimento.<\/p><\/div><\/div>\n<\/div>\n<\/div><\/div>\n\n\n\n<h6 class=\"wp-block-heading has-text-align-center has-ast-global-color-0-color has-text-color has-link-color wp-elements-357048ac2eef0492a8ec7b832b740b01\"><a href=\"https:\/\/rockefellerambiental.com.br\/en\/servicos\/\">See all &gt;<\/a><\/h6>\n\n\n\n<div style=\"height:80px\" aria-hidden=\"true\" class=\"wp-block-spacer\"><\/div>","protected":false},"excerpt":{"rendered":"<p>Pavimenta\u00e7\u00e3o Asf\u00e1ltica e Repara\u00e7\u00e3o de Estradas Nosso trabalho na pavimenta\u00e7\u00e3o e manuten\u00e7\u00e3o vi\u00e1ria contribui diretamente para a melhoria da infraestrutura urbana e rural, proporcionando vias mais seguras e dur\u00e1veis. Ver todos &gt;<\/p>","protected":false},"author":4,"featured_media":0,"parent":0,"menu_order":0,"comment_status":"closed","ping_status":"closed","template":"","meta":{"_uag_custom_page_level_css":"","site-sidebar-layout":"no-sidebar","site-content-layout":"plain-container","ast-site-content-layout":"normal-width-container","site-content-style":"unboxed","site-sidebar-style":"unboxed","ast-global-header-display":"","ast-banner-title-visibility":"","ast-main-header-display":"","ast-hfb-above-header-display":"","ast-hfb-below-header-display":"","ast-hfb-mobile-header-display":"","site-post-title":"disabled","ast-breadcrumbs-content":"","ast-featured-img":"disabled","footer-sml-layout":"","theme-transparent-header-meta":"enabled","adv-header-id-meta":"","stick-header-meta":"","header-above-stick-meta":"","header-main-stick-meta":"","header-below-stick-meta":"","astra-migrate-meta-layouts":"set","ast-page-background-enabled":"default","ast-page-background-meta":{"desktop":{"background-color":"var(--ast-global-color-4)","background-image":"","background-repeat":"repeat","background-position":"center center","background-size":"auto","background-attachment":"scroll","background-type":"","background-media":"","overlay-type":"","overlay-color":"","overlay-opacity":"","overlay-gradient":""},"tablet":{"background-color":"","background-image":"","background-repeat":"repeat","background-position":"center center","background-size":"auto","background-attachment":"scroll","background-type":"","background-media":"","overlay-type":"","overlay-color":"","overlay-opacity":"","overlay-gradient":""},"mobile":{"background-color":"","background-image":"","background-repeat":"repeat","background-position":"center center","background-size":"auto","background-attachment":"scroll","background-type":"","background-media":"","overlay-type":"","overlay-color":"","overlay-opacity":"","overlay-gradient":""}},"ast-content-background-meta":{"desktop":{"background-color":"var(--ast-global-color-5)","background-image":"","background-repeat":"repeat","background-position":"center center","background-size":"auto","background-attachment":"scroll","background-type":"","background-media":"","overlay-type":"","overlay-color":"","overlay-opacity":"","overlay-gradient":""},"tablet":{"background-color":"var(--ast-global-color-5)","background-image":"","background-repeat":"repeat","background-position":"center center","background-size":"auto","background-attachment":"scroll","background-type":"","background-media":"","overlay-type":"","overlay-color":"","overlay-opacity":"","overlay-gradient":""},"mobile":{"background-color":"var(--ast-global-color-5)","background-image":"","background-repeat":"repeat","background-position":"center center","background-size":"auto","background-attachment":"scroll","background-type":"","background-media":"","overlay-type":"","overlay-color":"","overlay-opacity":"","overlay-gradient":""}},"footnotes":""},"class_list":["post-5540","page","type-page","status-publish","hentry"],"uagb_featured_image_src":{"full":false,"thumbnail":false,"medium":false,"medium_large":false,"large":false,"1536x1536":false,"2048x2048":false,"trp-custom-language-flag":false,"ultp_layout_landscape_large":false,"ultp_layout_landscape":false,"ultp_layout_portrait":false,"ultp_layout_square":false},"uagb_author_info":{"display_name":"Erich Miyamura","author_link":"https:\/\/rockefellerambiental.com.br\/en\/author\/ti-rockefeller\/"},"uagb_comment_info":0,"uagb_excerpt":"Pavimenta\u00e7\u00e3o Asf\u00e1ltica e Repara\u00e7\u00e3o de Estradas Nosso trabalho na pavimenta\u00e7\u00e3o e manuten\u00e7\u00e3o vi\u00e1ria contribui diretamente para a melhoria da infraestrutura urbana e rural, proporcionando vias mais seguras e dur\u00e1veis. Ver todos &gt;","_links":{"self":[{"href":"https:\/\/rockefellerambiental.com.br\/en\/wp-json\/wp\/v2\/pages\/5540","targetHints":{"allow":["GET"]}}],"collection":[{"href":"https:\/\/rockefellerambiental.com.br\/en\/wp-json\/wp\/v2\/pages"}],"about":[{"href":"https:\/\/rockefellerambiental.com.br\/en\/wp-json\/wp\/v2\/types\/page"}],"author":[{"embeddable":true,"href":"https:\/\/rockefellerambiental.com.br\/en\/wp-json\/wp\/v2\/users\/4"}],"replies":[{"embeddable":true,"href":"https:\/\/rockefellerambiental.com.br\/en\/wp-json\/wp\/v2\/comments?post=5540"}],"version-history":[{"count":33,"href":"https:\/\/rockefellerambiental.com.br\/en\/wp-json\/wp\/v2\/pages\/5540\/revisions"}],"predecessor-version":[{"id":5978,"href":"https:\/\/rockefellerambiental.com.br\/en\/wp-json\/wp\/v2\/pages\/5540\/revisions\/5978"}],"wp:attachment":[{"href":"https:\/\/rockefellerambiental.com.br\/en\/wp-json\/wp\/v2\/media?parent=5540"}],"curies":[{"name":"wp","href":"https:\/\/api.w.org\/{rel}","templated":true}]}}