{"id":495,"date":"2025-06-25T14:53:13","date_gmt":"2025-06-25T14:53:13","guid":{"rendered":"https:\/\/rockefellerrenthal.com.br\/projects\/"},"modified":"2025-09-17T19:44:40","modified_gmt":"2025-09-17T19:44:40","slug":"noticias","status":"publish","type":"page","link":"https:\/\/rockefellerambiental.com.br\/en\/noticias\/","title":{"rendered":"News"},"content":{"rendered":"<div class=\"wp-block-uagb-container uagb-block-5451af51 alignfull uagb-is-root-container\"><div class=\"uagb-container-inner-blocks-wrap\">\n<div class=\"wp-block-uagb-advanced-heading uagb-block-f45ed1f8\"><h1 class=\"uagb-heading-text\">News<\/h1><\/div>\n<\/div><\/div>\n\n\n\n<div class=\"wp-block-uagb-container uagb-block-890aa49c alignfull uagb-is-root-container\"><div class=\"uagb-container-inner-blocks-wrap\">\n\t\t\t<div class=\"wp-block-uagb-post-grid uagb-post-grid  uagb-post__image-position-top uagb-post__image-enabled uagb-block-63c37707     uagb-post__items uagb-post__columns-4 is-grid uagb-post__columns-tablet-2 uagb-post__columns-mobile-1 uagb-post__equal-height uagb-equal_height_inline-read-more-buttons\" data-total=\"11\" style=\"\">\n\n\t\t\t\t\t\t\t\t\t\t\t\t<article class=\"uagb-post__inner-wrap\">\t\t\t\t\t\t\t\t<div class='uagb-post__image'>\n\t\t\t\t\t\t\t\t\t<a href=\"https:\/\/rockefellerambiental.com.br\/en\/rockefeller-ambiental-inicia-operacao-de-pavimentacao-em-jequie-ba\/\" target=\"_self\" rel=\"bookmark noopener noreferrer\" class='uagb-image-ratio-2-3'><img fetchpriority=\"high\" decoding=\"async\" width=\"1024\" height=\"768\" src=\"https:\/\/rockefellerambiental.com.br\/wp-content\/uploads\/2026\/04\/operacao-Jequie-1024x768.png\" class=\"attachment-large size-large\" alt=\"\" srcset=\"https:\/\/rockefellerambiental.com.br\/wp-content\/uploads\/2026\/04\/operacao-Jequie-1024x768.png 1024w, https:\/\/rockefellerambiental.com.br\/wp-content\/uploads\/2026\/04\/operacao-Jequie-300x225.png 300w, https:\/\/rockefellerambiental.com.br\/wp-content\/uploads\/2026\/04\/operacao-Jequie-768x576.png 768w, https:\/\/rockefellerambiental.com.br\/wp-content\/uploads\/2026\/04\/operacao-Jequie-1536x1152.png 1536w, https:\/\/rockefellerambiental.com.br\/wp-content\/uploads\/2026\/04\/operacao-Jequie-16x12.png 16w, https:\/\/rockefellerambiental.com.br\/wp-content\/uploads\/2026\/04\/operacao-Jequie.png 2048w\" sizes=\"(max-width: 1024px) 100vw, 1024px\" \/>\t\t\t\t\t<\/a>\n\t\t\t\t\t\t\t<\/div>\n\t\t\t\t\t\t<h4 class=\"uagb-post__title uagb-post__text\">\n\t\t\t\t<a href=\"https:\/\/rockefellerambiental.com.br\/en\/rockefeller-ambiental-inicia-operacao-de-pavimentacao-em-jequie-ba\/\" target=\"_self\" rel=\"bookmark noopener noreferrer\">Rockefeller Ambiental inicia opera\u00e7\u00e3o de pavimenta\u00e7\u00e3o em Jequi\u00e9 (BA)<\/a>\n\t\t\t<\/h4>\n\t\t\t\t\t\t<div class='uagb-post__text uagb-post-grid-byline'>\n\t\t\t\t\t\t\t<\/div>\n\t\t\t\t\t\t<div class=\"uagb-post__text uagb-post__cta wp-block-button\">\n\t\t\t\t<a class=\"wp-block-button__link uagb-text-link\" style=\"\" href=\"https:\/\/rockefellerambiental.com.br\/en\/rockefeller-ambiental-inicia-operacao-de-pavimentacao-em-jequie-ba\/\" target=\"_self\" rel=\"bookmark noopener noreferrer\">Read More<\/a>\n\t\t\t<\/div>\n\t\t\t\n\t\t\t\t\t\t\t\t\t<\/article>\n\t\t\t\t\t\t\t\t\t\t\t\t\t\t\t\t<article class=\"uagb-post__inner-wrap\">\t\t\t\t\t\t\t\t<div class='uagb-post__image'>\n\t\t\t\t\t\t\t\t\t<a href=\"https:\/\/rockefellerambiental.com.br\/en\/o-municipio-de-simao-dias-se-entra-no-mapa-da-rockefeller-com-novo-contrato-de-pavimentacao\/\" target=\"_self\" rel=\"bookmark noopener noreferrer\" class='uagb-image-ratio-2-3'><img decoding=\"async\" width=\"1024\" height=\"768\" src=\"https:\/\/rockefellerambiental.com.br\/wp-content\/uploads\/2026\/04\/rua-do-Curral-1024x768.jpeg\" class=\"attachment-large size-large\" alt=\"\" srcset=\"https:\/\/rockefellerambiental.com.br\/wp-content\/uploads\/2026\/04\/rua-do-Curral-1024x768.jpeg 1024w, https:\/\/rockefellerambiental.com.br\/wp-content\/uploads\/2026\/04\/rua-do-Curral-300x225.jpeg 300w, https:\/\/rockefellerambiental.com.br\/wp-content\/uploads\/2026\/04\/rua-do-Curral-768x576.jpeg 768w, https:\/\/rockefellerambiental.com.br\/wp-content\/uploads\/2026\/04\/rua-do-Curral-1536x1152.jpeg 1536w, https:\/\/rockefellerambiental.com.br\/wp-content\/uploads\/2026\/04\/rua-do-Curral-2048x1536.jpeg 2048w, https:\/\/rockefellerambiental.com.br\/wp-content\/uploads\/2026\/04\/rua-do-Curral-16x12.jpeg 16w\" sizes=\"(max-width: 1024px) 100vw, 1024px\" \/>\t\t\t\t\t<\/a>\n\t\t\t\t\t\t\t<\/div>\n\t\t\t\t\t\t<h4 class=\"uagb-post__title uagb-post__text\">\n\t\t\t\t<a href=\"https:\/\/rockefellerambiental.com.br\/en\/o-municipio-de-simao-dias-se-entra-no-mapa-da-rockefeller-com-novo-contrato-de-pavimentacao\/\" target=\"_self\" rel=\"bookmark noopener noreferrer\">o Munic\u00edpio de Sim\u00e3o Dias (SE) entra no mapa da Rockefeller Ambiental com novo contrato de pavimenta\u00e7\u00e3o<\/a>\n\t\t\t<\/h4>\n\t\t\t\t\t\t<div class='uagb-post__text uagb-post-grid-byline'>\n\t\t\t\t\t\t\t<\/div>\n\t\t\t\t\t\t<div class=\"uagb-post__text uagb-post__cta wp-block-button\">\n\t\t\t\t<a class=\"wp-block-button__link uagb-text-link\" style=\"\" href=\"https:\/\/rockefellerambiental.com.br\/en\/o-municipio-de-simao-dias-se-entra-no-mapa-da-rockefeller-com-novo-contrato-de-pavimentacao\/\" target=\"_self\" rel=\"bookmark noopener noreferrer\">Read More<\/a>\n\t\t\t<\/div>\n\t\t\t\n\t\t\t\t\t\t\t\t\t<\/article>\n\t\t\t\t\t\t\t\t\t\t\t\t\t\t\t\t<article class=\"uagb-post__inner-wrap\">\t\t\t\t\t\t\t\t<div class='uagb-post__image'>\n\t\t\t\t\t\t\t\t\t<a href=\"https:\/\/rockefellerambiental.com.br\/en\/estradas-vicinais-a-base-do-desenvolvimento-local\/\" target=\"_self\" rel=\"bookmark noopener noreferrer\" class='uagb-image-ratio-2-3'><img decoding=\"async\" width=\"1024\" height=\"786\" src=\"https:\/\/rockefellerambiental.com.br\/wp-content\/uploads\/2026\/04\/estradas-vicinais-1024x786.png\" class=\"attachment-large size-large\" alt=\"\" srcset=\"https:\/\/rockefellerambiental.com.br\/wp-content\/uploads\/2026\/04\/estradas-vicinais-1024x786.png 1024w, https:\/\/rockefellerambiental.com.br\/wp-content\/uploads\/2026\/04\/estradas-vicinais-300x230.png 300w, https:\/\/rockefellerambiental.com.br\/wp-content\/uploads\/2026\/04\/estradas-vicinais-768x590.png 768w, https:\/\/rockefellerambiental.com.br\/wp-content\/uploads\/2026\/04\/estradas-vicinais-1536x1180.png 1536w, https:\/\/rockefellerambiental.com.br\/wp-content\/uploads\/2026\/04\/estradas-vicinais-2048x1573.png 2048w, https:\/\/rockefellerambiental.com.br\/wp-content\/uploads\/2026\/04\/estradas-vicinais-16x12.png 16w\" sizes=\"(max-width: 1024px) 100vw, 1024px\" \/>\t\t\t\t\t<\/a>\n\t\t\t\t\t\t\t<\/div>\n\t\t\t\t\t\t<h4 class=\"uagb-post__title uagb-post__text\">\n\t\t\t\t<a href=\"https:\/\/rockefellerambiental.com.br\/en\/estradas-vicinais-a-base-do-desenvolvimento-local\/\" target=\"_self\" rel=\"bookmark noopener noreferrer\">Estradas vicinais: a base do desenvolvimento local<\/a>\n\t\t\t<\/h4>\n\t\t\t\t\t\t<div class='uagb-post__text uagb-post-grid-byline'>\n\t\t\t\t\t\t\t<\/div>\n\t\t\t\t\t\t<div class=\"uagb-post__text uagb-post__cta wp-block-button\">\n\t\t\t\t<a class=\"wp-block-button__link uagb-text-link\" style=\"\" href=\"https:\/\/rockefellerambiental.com.br\/en\/estradas-vicinais-a-base-do-desenvolvimento-local\/\" target=\"_self\" rel=\"bookmark noopener noreferrer\">Read More<\/a>\n\t\t\t<\/div>\n\t\t\t\n\t\t\t\t\t\t\t\t\t<\/article>\n\t\t\t\t\t\t\t\t\t\t\t\t\t\t\t\t<article class=\"uagb-post__inner-wrap\">\t\t\t\t\t\t\t\t<div class='uagb-post__image'>\n\t\t\t\t\t\t\t\t\t<a href=\"https:\/\/rockefellerambiental.com.br\/en\/rockefeller-ambiental-realiza-obra-de-drenagem-no-bairro-de-conquista-em-ilheus-ba\/\" target=\"_self\" rel=\"bookmark noopener noreferrer\" class='uagb-image-ratio-2-3'><img loading=\"lazy\" decoding=\"async\" width=\"1024\" height=\"766\" src=\"https:\/\/rockefellerambiental.com.br\/wp-content\/uploads\/2026\/04\/drenagem-belmonte-1-1024x766.png\" class=\"attachment-large size-large\" alt=\"\" srcset=\"https:\/\/rockefellerambiental.com.br\/wp-content\/uploads\/2026\/04\/drenagem-belmonte-1-1024x766.png 1024w, https:\/\/rockefellerambiental.com.br\/wp-content\/uploads\/2026\/04\/drenagem-belmonte-1-300x224.png 300w, https:\/\/rockefellerambiental.com.br\/wp-content\/uploads\/2026\/04\/drenagem-belmonte-1-768x575.png 768w, https:\/\/rockefellerambiental.com.br\/wp-content\/uploads\/2026\/04\/drenagem-belmonte-1-1536x1149.png 1536w, https:\/\/rockefellerambiental.com.br\/wp-content\/uploads\/2026\/04\/drenagem-belmonte-1-2048x1532.png 2048w, https:\/\/rockefellerambiental.com.br\/wp-content\/uploads\/2026\/04\/drenagem-belmonte-1-16x12.png 16w\" sizes=\"(max-width: 1024px) 100vw, 1024px\" \/>\t\t\t\t\t<\/a>\n\t\t\t\t\t\t\t<\/div>\n\t\t\t\t\t\t<h4 class=\"uagb-post__title uagb-post__text\">\n\t\t\t\t<a href=\"https:\/\/rockefellerambiental.com.br\/en\/rockefeller-ambiental-realiza-obra-de-drenagem-no-bairro-de-conquista-em-ilheus-ba\/\" target=\"_self\" rel=\"bookmark noopener noreferrer\">Rockefeller Ambiental realiza obra de drenagem no bairro de Conquista em Ilh\u00e9us (BA)<\/a>\n\t\t\t<\/h4>\n\t\t\t\t\t\t<div class='uagb-post__text uagb-post-grid-byline'>\n\t\t\t\t\t\t\t<\/div>\n\t\t\t\t\t\t<div class=\"uagb-post__text uagb-post__cta wp-block-button\">\n\t\t\t\t<a class=\"wp-block-button__link uagb-text-link\" style=\"\" href=\"https:\/\/rockefellerambiental.com.br\/en\/rockefeller-ambiental-realiza-obra-de-drenagem-no-bairro-de-conquista-em-ilheus-ba\/\" target=\"_self\" rel=\"bookmark noopener noreferrer\">Read More<\/a>\n\t\t\t<\/div>\n\t\t\t\n\t\t\t\t\t\t\t\t\t<\/article>\n\t\t\t\t\t\t\t\t\t\t\t\t\t\t\t\t<article class=\"uagb-post__inner-wrap\">\t\t\t\t\t\t\t\t<div class='uagb-post__image'>\n\t\t\t\t\t\t\t\t\t<a href=\"https:\/\/rockefellerambiental.com.br\/en\/rockefeller-ambiental-avanca-em-operacao-de-asfalto-na-avenida-governador-paulo-souto-reforcando-mobilidade-em-ilheus-ba\/\" target=\"_self\" rel=\"bookmark noopener noreferrer\" class='uagb-image-ratio-2-3'><img loading=\"lazy\" decoding=\"async\" width=\"1024\" height=\"768\" src=\"https:\/\/rockefellerambiental.com.br\/wp-content\/uploads\/2026\/04\/governador-paulo-souto-1024x768.png\" class=\"attachment-large size-large\" alt=\"\" srcset=\"https:\/\/rockefellerambiental.com.br\/wp-content\/uploads\/2026\/04\/governador-paulo-souto-1024x768.png 1024w, https:\/\/rockefellerambiental.com.br\/wp-content\/uploads\/2026\/04\/governador-paulo-souto-300x225.png 300w, https:\/\/rockefellerambiental.com.br\/wp-content\/uploads\/2026\/04\/governador-paulo-souto-768x576.png 768w, https:\/\/rockefellerambiental.com.br\/wp-content\/uploads\/2026\/04\/governador-paulo-souto-1536x1152.png 1536w, https:\/\/rockefellerambiental.com.br\/wp-content\/uploads\/2026\/04\/governador-paulo-souto-16x12.png 16w, https:\/\/rockefellerambiental.com.br\/wp-content\/uploads\/2026\/04\/governador-paulo-souto.png 2048w\" sizes=\"(max-width: 1024px) 100vw, 1024px\" \/>\t\t\t\t\t<\/a>\n\t\t\t\t\t\t\t<\/div>\n\t\t\t\t\t\t<h4 class=\"uagb-post__title uagb-post__text\">\n\t\t\t\t<a href=\"https:\/\/rockefellerambiental.com.br\/en\/rockefeller-ambiental-avanca-em-operacao-de-asfalto-na-avenida-governador-paulo-souto-reforcando-mobilidade-em-ilheus-ba\/\" target=\"_self\" rel=\"bookmark noopener noreferrer\">Rockefeller Ambiental avan\u00e7a em opera\u00e7\u00e3o de asfalto na Avenida Governador Paulo Souto refor\u00e7ando mobilidade em Ilh\u00e9us (BA)<\/a>\n\t\t\t<\/h4>\n\t\t\t\t\t\t<div class='uagb-post__text uagb-post-grid-byline'>\n\t\t\t\t\t\t\t<\/div>\n\t\t\t\t\t\t<div class=\"uagb-post__text uagb-post__cta wp-block-button\">\n\t\t\t\t<a class=\"wp-block-button__link uagb-text-link\" style=\"\" href=\"https:\/\/rockefellerambiental.com.br\/en\/rockefeller-ambiental-avanca-em-operacao-de-asfalto-na-avenida-governador-paulo-souto-reforcando-mobilidade-em-ilheus-ba\/\" target=\"_self\" rel=\"bookmark noopener noreferrer\">Read More<\/a>\n\t\t\t<\/div>\n\t\t\t\n\t\t\t\t\t\t\t\t\t<\/article>\n\t\t\t\t\t\t\t\t\t\t\t\t\t\t\t\t<article class=\"uagb-post__inner-wrap\">\t\t\t\t\t\t\t\t<div class='uagb-post__image'>\n\t\t\t\t\t\t\t\t\t<a href=\"https:\/\/rockefellerambiental.com.br\/en\/em-parceria-com-a-rockefeller-ambiental-o-municipio-de-antonio-goncalves-ba-recebe-obra-de-estrada-vicinal-e-avanca-na-mobilidade-rural\/\" target=\"_self\" rel=\"bookmark noopener noreferrer\" class='uagb-image-ratio-2-3'><img loading=\"lazy\" decoding=\"async\" width=\"1024\" height=\"768\" src=\"https:\/\/rockefellerambiental.com.br\/wp-content\/uploads\/2026\/04\/antonio-goncalves-1024x768.png\" class=\"attachment-large size-large\" alt=\"\" srcset=\"https:\/\/rockefellerambiental.com.br\/wp-content\/uploads\/2026\/04\/antonio-goncalves-1024x768.png 1024w, https:\/\/rockefellerambiental.com.br\/wp-content\/uploads\/2026\/04\/antonio-goncalves-300x225.png 300w, https:\/\/rockefellerambiental.com.br\/wp-content\/uploads\/2026\/04\/antonio-goncalves-768x576.png 768w, https:\/\/rockefellerambiental.com.br\/wp-content\/uploads\/2026\/04\/antonio-goncalves-1536x1152.png 1536w, https:\/\/rockefellerambiental.com.br\/wp-content\/uploads\/2026\/04\/antonio-goncalves-16x12.png 16w, https:\/\/rockefellerambiental.com.br\/wp-content\/uploads\/2026\/04\/antonio-goncalves.png 2048w\" sizes=\"(max-width: 1024px) 100vw, 1024px\" \/>\t\t\t\t\t<\/a>\n\t\t\t\t\t\t\t<\/div>\n\t\t\t\t\t\t<h4 class=\"uagb-post__title uagb-post__text\">\n\t\t\t\t<a href=\"https:\/\/rockefellerambiental.com.br\/en\/em-parceria-com-a-rockefeller-ambiental-o-municipio-de-antonio-goncalves-ba-recebe-obra-de-estrada-vicinal-e-avanca-na-mobilidade-rural\/\" target=\"_self\" rel=\"bookmark noopener noreferrer\">Em parceria com a Rockefeller Ambiental, o Munic\u00edpio de Ant\u00f4nio Gon\u00e7alves (BA) recebe obra de estrada vicinal e avan\u00e7a na mobilidade rural<\/a>\n\t\t\t<\/h4>\n\t\t\t\t\t\t<div class='uagb-post__text uagb-post-grid-byline'>\n\t\t\t\t\t\t\t<\/div>\n\t\t\t\t\t\t<div class=\"uagb-post__text uagb-post__cta wp-block-button\">\n\t\t\t\t<a class=\"wp-block-button__link uagb-text-link\" style=\"\" href=\"https:\/\/rockefellerambiental.com.br\/en\/em-parceria-com-a-rockefeller-ambiental-o-municipio-de-antonio-goncalves-ba-recebe-obra-de-estrada-vicinal-e-avanca-na-mobilidade-rural\/\" target=\"_self\" rel=\"bookmark noopener noreferrer\">Read More<\/a>\n\t\t\t<\/div>\n\t\t\t\n\t\t\t\t\t\t\t\t\t<\/article>\n\t\t\t\t\t\t\t\t\t\t\t\t\t\t\t\t<article class=\"uagb-post__inner-wrap\">\t\t\t\t\t\t\t\t<div class='uagb-post__image'>\n\t\t\t\t\t\t\t\t\t<a href=\"https:\/\/rockefellerambiental.com.br\/en\/controle-fitossanitario-por-que-ele-e-essencial\/\" target=\"_self\" rel=\"bookmark noopener noreferrer\" class='uagb-image-ratio-2-3'><img loading=\"lazy\" decoding=\"async\" width=\"1024\" height=\"789\" src=\"https:\/\/rockefellerambiental.com.br\/wp-content\/uploads\/2026\/04\/controle-servico-fitossanitario-1024x789.jpeg\" class=\"attachment-large size-large\" alt=\"\" srcset=\"https:\/\/rockefellerambiental.com.br\/wp-content\/uploads\/2026\/04\/controle-servico-fitossanitario-1024x789.jpeg 1024w, https:\/\/rockefellerambiental.com.br\/wp-content\/uploads\/2026\/04\/controle-servico-fitossanitario-300x231.jpeg 300w, https:\/\/rockefellerambiental.com.br\/wp-content\/uploads\/2026\/04\/controle-servico-fitossanitario-768x592.jpeg 768w, https:\/\/rockefellerambiental.com.br\/wp-content\/uploads\/2026\/04\/controle-servico-fitossanitario-1536x1183.jpeg 1536w, https:\/\/rockefellerambiental.com.br\/wp-content\/uploads\/2026\/04\/controle-servico-fitossanitario-2048x1578.jpeg 2048w, https:\/\/rockefellerambiental.com.br\/wp-content\/uploads\/2026\/04\/controle-servico-fitossanitario-16x12.jpeg 16w\" sizes=\"(max-width: 1024px) 100vw, 1024px\" \/>\t\t\t\t\t<\/a>\n\t\t\t\t\t\t\t<\/div>\n\t\t\t\t\t\t<h4 class=\"uagb-post__title uagb-post__text\">\n\t\t\t\t<a href=\"https:\/\/rockefellerambiental.com.br\/en\/controle-fitossanitario-por-que-ele-e-essencial\/\" target=\"_self\" rel=\"bookmark noopener noreferrer\">Controle fitossanit\u00e1rio: Por que ele \u00e9 essencial?<\/a>\n\t\t\t<\/h4>\n\t\t\t\t\t\t<div class='uagb-post__text uagb-post-grid-byline'>\n\t\t\t\t\t\t\t<\/div>\n\t\t\t\t\t\t<div class=\"uagb-post__text uagb-post__cta wp-block-button\">\n\t\t\t\t<a class=\"wp-block-button__link uagb-text-link\" style=\"\" href=\"https:\/\/rockefellerambiental.com.br\/en\/controle-fitossanitario-por-que-ele-e-essencial\/\" target=\"_self\" rel=\"bookmark noopener noreferrer\">Read More<\/a>\n\t\t\t<\/div>\n\t\t\t\n\t\t\t\t\t\t\t\t\t<\/article>\n\t\t\t\t\t\t\t\t\t\t\t\t\t\t\t\t<article class=\"uagb-post__inner-wrap\">\t\t\t\t\t\t\t\t<div class='uagb-post__image'>\n\t\t\t\t\t\t\t\t\t<a href=\"https:\/\/rockefellerambiental.com.br\/en\/rockefeller-ambiental-esteve-presente-no-conselho-de-administracao-da-abrema\/\" target=\"_self\" rel=\"bookmark noopener noreferrer\" class='uagb-image-ratio-2-3'><img loading=\"lazy\" decoding=\"async\" width=\"1024\" height=\"786\" src=\"https:\/\/rockefellerambiental.com.br\/wp-content\/uploads\/2026\/03\/Rockefeller-esteve-presente-no-Conselho-de-Administracao-da-ABREMA--1024x786.png\" class=\"attachment-large size-large\" alt=\"\" srcset=\"https:\/\/rockefellerambiental.com.br\/wp-content\/uploads\/2026\/03\/Rockefeller-esteve-presente-no-Conselho-de-Administracao-da-ABREMA--1024x786.png 1024w, https:\/\/rockefellerambiental.com.br\/wp-content\/uploads\/2026\/03\/Rockefeller-esteve-presente-no-Conselho-de-Administracao-da-ABREMA--300x230.png 300w, https:\/\/rockefellerambiental.com.br\/wp-content\/uploads\/2026\/03\/Rockefeller-esteve-presente-no-Conselho-de-Administracao-da-ABREMA--768x590.png 768w, https:\/\/rockefellerambiental.com.br\/wp-content\/uploads\/2026\/03\/Rockefeller-esteve-presente-no-Conselho-de-Administracao-da-ABREMA--1536x1180.png 1536w, https:\/\/rockefellerambiental.com.br\/wp-content\/uploads\/2026\/03\/Rockefeller-esteve-presente-no-Conselho-de-Administracao-da-ABREMA--2048x1573.png 2048w, https:\/\/rockefellerambiental.com.br\/wp-content\/uploads\/2026\/03\/Rockefeller-esteve-presente-no-Conselho-de-Administracao-da-ABREMA--16x12.png 16w\" sizes=\"(max-width: 1024px) 100vw, 1024px\" \/>\t\t\t\t\t<\/a>\n\t\t\t\t\t\t\t<\/div>\n\t\t\t\t\t\t<h4 class=\"uagb-post__title uagb-post__text\">\n\t\t\t\t<a href=\"https:\/\/rockefellerambiental.com.br\/en\/rockefeller-ambiental-esteve-presente-no-conselho-de-administracao-da-abrema\/\" target=\"_self\" rel=\"bookmark noopener noreferrer\">Rockefeller Ambiental esteve presente no Conselho de Administra\u00e7\u00e3o da ABREMA\u00a0<\/a>\n\t\t\t<\/h4>\n\t\t\t\t\t\t<div class='uagb-post__text uagb-post-grid-byline'>\n\t\t\t\t\t\t\t<\/div>\n\t\t\t\t\t\t<div class=\"uagb-post__text uagb-post__cta wp-block-button\">\n\t\t\t\t<a class=\"wp-block-button__link uagb-text-link\" style=\"\" href=\"https:\/\/rockefellerambiental.com.br\/en\/rockefeller-ambiental-esteve-presente-no-conselho-de-administracao-da-abrema\/\" target=\"_self\" rel=\"bookmark noopener noreferrer\">Read More<\/a>\n\t\t\t<\/div>\n\t\t\t\n\t\t\t\t\t\t\t\t\t<\/article>\n\t\t\t\t\t\t\t\t\t\t\t\t\t<div class=\"uagb-post-pagination-wrap\">\n\t\t\t\t\t\t<span aria-current=\"page\" class=\"page-numbers current\">1<\/span>\n<a class=\"page-numbers\" href=\"https:\/\/rockefellerambiental.com.br\/en\/wp-json\/wp\/v2\/pages\/495\/page\/2\/\">2<\/a>\n<a class=\"page-numbers\" href=\"https:\/\/rockefellerambiental.com.br\/en\/wp-json\/wp\/v2\/pages\/495\/page\/3\/\">3<\/a>\n<a class=\"page-numbers\" href=\"https:\/\/rockefellerambiental.com.br\/en\/wp-json\/wp\/v2\/pages\/495\/page\/4\/\">4<\/a>\n<a class=\"page-numbers\" href=\"https:\/\/rockefellerambiental.com.br\/en\/wp-json\/wp\/v2\/pages\/495\/page\/5\/\">5<\/a>\n<a class=\"page-numbers\" href=\"https:\/\/rockefellerambiental.com.br\/en\/wp-json\/wp\/v2\/pages\/495\/page\/6\/\">6<\/a>\n<a class=\"page-numbers\" href=\"https:\/\/rockefellerambiental.com.br\/en\/wp-json\/wp\/v2\/pages\/495\/page\/7\/\">7<\/a>\n<a class=\"page-numbers\" href=\"https:\/\/rockefellerambiental.com.br\/en\/wp-json\/wp\/v2\/pages\/495\/page\/8\/\">8<\/a>\n<a class=\"next page-numbers\" href=\"https:\/\/rockefellerambiental.com.br\/en\/wp-json\/wp\/v2\/pages\/495\/page\/2\/\">Next \u00bb<\/a>\t\t\t\t\t<\/div>\n\t\t\t\t\t\t\t\t<\/div>\n\t\t\t<\/div><\/div>","protected":false},"excerpt":{"rendered":"<p>News<\/p>","protected":false},"author":4,"featured_media":0,"parent":0,"menu_order":0,"comment_status":"closed","ping_status":"closed","template":"","meta":{"_uag_custom_page_level_css":"","site-sidebar-layout":"no-sidebar","site-content-layout":"plain-container","ast-site-content-layout":"normal-width-container","site-content-style":"unboxed","site-sidebar-style":"unboxed","ast-global-header-display":"","ast-banner-title-visibility":"","ast-main-header-display":"","ast-hfb-above-header-display":"","ast-hfb-below-header-display":"","ast-hfb-mobile-header-display":"","site-post-title":"disabled","ast-breadcrumbs-content":"","ast-featured-img":"disabled","footer-sml-layout":"","theme-transparent-header-meta":"enabled","adv-header-id-meta":"","stick-header-meta":"","header-above-stick-meta":"","header-main-stick-meta":"","header-below-stick-meta":"","astra-migrate-meta-layouts":"set","ast-page-background-enabled":"default","ast-page-background-meta":{"desktop":{"background-color":"var(--ast-global-color-4)","background-image":"","background-repeat":"repeat","background-position":"center center","background-size":"auto","background-attachment":"scroll","background-type":"","background-media":"","overlay-type":"","overlay-color":"","overlay-opacity":"","overlay-gradient":""},"tablet":{"background-color":"","background-image":"","background-repeat":"repeat","background-position":"center center","background-size":"auto","background-attachment":"scroll","background-type":"","background-media":"","overlay-type":"","overlay-color":"","overlay-opacity":"","overlay-gradient":""},"mobile":{"background-color":"","background-image":"","background-repeat":"repeat","background-position":"center center","background-size":"auto","background-attachment":"scroll","background-type":"","background-media":"","overlay-type":"","overlay-color":"","overlay-opacity":"","overlay-gradient":""}},"ast-content-background-meta":{"desktop":{"background-color":"var(--ast-global-color-5)","background-image":"","background-repeat":"repeat","background-position":"center center","background-size":"auto","background-attachment":"scroll","background-type":"","background-media":"","overlay-type":"","overlay-color":"","overlay-opacity":"","overlay-gradient":""},"tablet":{"background-color":"var(--ast-global-color-5)","background-image":"","background-repeat":"repeat","background-position":"center center","background-size":"auto","background-attachment":"scroll","background-type":"","background-media":"","overlay-type":"","overlay-color":"","overlay-opacity":"","overlay-gradient":""},"mobile":{"background-color":"var(--ast-global-color-5)","background-image":"","background-repeat":"repeat","background-position":"center center","background-size":"auto","background-attachment":"scroll","background-type":"","background-media":"","overlay-type":"","overlay-color":"","overlay-opacity":"","overlay-gradient":""}},"footnotes":""},"class_list":["post-495","page","type-page","status-publish","hentry"],"uagb_featured_image_src":{"full":false,"thumbnail":false,"medium":false,"medium_large":false,"large":false,"1536x1536":false,"2048x2048":false,"trp-custom-language-flag":false,"ultp_layout_landscape_large":false,"ultp_layout_landscape":false,"ultp_layout_portrait":false,"ultp_layout_square":false},"uagb_author_info":{"display_name":"Erich Miyamura","author_link":"https:\/\/rockefellerambiental.com.br\/en\/author\/ti-rockefeller\/"},"uagb_comment_info":0,"uagb_excerpt":"Not\u00edcias","_links":{"self":[{"href":"https:\/\/rockefellerambiental.com.br\/en\/wp-json\/wp\/v2\/pages\/495","targetHints":{"allow":["GET"]}}],"collection":[{"href":"https:\/\/rockefellerambiental.com.br\/en\/wp-json\/wp\/v2\/pages"}],"about":[{"href":"https:\/\/rockefellerambiental.com.br\/en\/wp-json\/wp\/v2\/types\/page"}],"author":[{"embeddable":true,"href":"https:\/\/rockefellerambiental.com.br\/en\/wp-json\/wp\/v2\/users\/4"}],"replies":[{"embeddable":true,"href":"https:\/\/rockefellerambiental.com.br\/en\/wp-json\/wp\/v2\/comments?post=495"}],"version-history":[{"count":35,"href":"https:\/\/rockefellerambiental.com.br\/en\/wp-json\/wp\/v2\/pages\/495\/revisions"}],"predecessor-version":[{"id":5411,"href":"https:\/\/rockefellerambiental.com.br\/en\/wp-json\/wp\/v2\/pages\/495\/revisions\/5411"}],"wp:attachment":[{"href":"https:\/\/rockefellerambiental.com.br\/en\/wp-json\/wp\/v2\/media?parent=495"}],"curies":[{"name":"wp","href":"https:\/\/api.w.org\/{rel}","templated":true}]}}